{"id":1156,"date":"2022-12-02T11:54:39","date_gmt":"2022-12-02T11:54:39","guid":{"rendered":"http:\/\/hansbuttermilch.de\/?page_id=1156"},"modified":"2024-09-09T11:56:16","modified_gmt":"2024-09-09T11:56:16","slug":"contact-imprint","status":"publish","type":"page","link":"https:\/\/hansbuttermilch.de\/?page_id=1156","title":{"rendered":"Kontakt | Impressum"},"content":{"rendered":"\t\t<div data-elementor-type=\"wp-page\" data-elementor-id=\"1156\" class=\"elementor elementor-1156\" data-elementor-post-type=\"page\">\n\t\t\t\t\t\t<section class=\"elementor-section elementor-top-section elementor-element elementor-element-deedb35 elementor-section-boxed elementor-section-height-default elementor-section-height-default\" data-id=\"deedb35\" data-element_type=\"section\">\n\t\t\t\t\t\t<div class=\"elementor-container elementor-column-gap-default\">\n\t\t\t\t\t<div class=\"elementor-column elementor-col-100 elementor-top-column elementor-element elementor-element-7afdfd3\" data-id=\"7afdfd3\" data-element_type=\"column\">\n\t\t\t<div class=\"elementor-widget-wrap elementor-element-populated\">\n\t\t\t\t\t\t<section class=\"elementor-section elementor-inner-section elementor-element elementor-element-22646b3 elementor-section-full_width elementor-section-height-default elementor-section-height-default\" data-id=\"22646b3\" data-element_type=\"section\" data-settings=\"{&quot;background_background&quot;:&quot;classic&quot;}\">\n\t\t\t\t\t\t<div class=\"elementor-container elementor-column-gap-default\">\n\t\t\t\t\t<div class=\"elementor-column elementor-col-100 elementor-inner-column elementor-element elementor-element-ccc9de6\" data-id=\"ccc9de6\" data-element_type=\"column\">\n\t\t\t<div class=\"elementor-widget-wrap elementor-element-populated\">\n\t\t\t\t\t\t<div class=\"elementor-element elementor-element-c1d0f90 elementor-invisible elementor-widget elementor-widget-text-editor\" data-id=\"c1d0f90\" data-element_type=\"widget\" data-settings=\"{&quot;_animation&quot;:&quot;fadeInUp&quot;,&quot;_animation_delay&quot;:250}\" data-widget_type=\"text-editor.default\">\n\t\t\t\t<div class=\"elementor-widget-container\">\n\t\t\t\t\t\t\t\t\t<p>Hans Buttermilch | S.Knoll &amp; H.Buttermilch GbR | Sedanstrasse 6 | R\u00fcckgeb\u00e4ude | D-81667 M\u00fcnchen | Fon +49 89 74443503 | Mobile +49 171 6201789 | <a href=\"mailto:contact@skuhb.com\">contact@skuhb.com<\/a><\/p>\t\t\t\t\t\t\t\t<\/div>\n\t\t\t\t<\/div>\n\t\t\t\t\t<\/div>\n\t\t<\/div>\n\t\t\t\t\t<\/div>\n\t\t<\/section>\n\t\t\t\t<div class=\"elementor-element elementor-element-2c28376 elementor-invisible elementor-widget elementor-widget-image\" data-id=\"2c28376\" data-element_type=\"widget\" data-settings=\"{&quot;_animation&quot;:&quot;fadeIn&quot;,&quot;_animation_tablet&quot;:&quot;fadeIn&quot;,&quot;_animation_mobile&quot;:&quot;fadeIn&quot;}\" data-widget_type=\"image.default\">\n\t\t\t\t<div class=\"elementor-widget-container\">\n\t\t\t\t\t\t\t\t\t\t\t\t\t\t\t<img fetchpriority=\"high\" decoding=\"async\" width=\"2048\" height=\"1384\" src=\"https:\/\/hansbuttermilch.de\/wp-content\/uploads\/2022\/03\/crashed_box_1_SW-2048x1384.jpg\" class=\"attachment-2048x2048 size-2048x2048 wp-image-859\" alt=\"\" srcset=\"https:\/\/hansbuttermilch.de\/wp-content\/uploads\/2022\/03\/crashed_box_1_SW-2048x1384.jpg 2048w, https:\/\/hansbuttermilch.de\/wp-content\/uploads\/2022\/03\/crashed_box_1_SW-300x203.jpg 300w, https:\/\/hansbuttermilch.de\/wp-content\/uploads\/2022\/03\/crashed_box_1_SW-1260x851.jpg 1260w, https:\/\/hansbuttermilch.de\/wp-content\/uploads\/2022\/03\/crashed_box_1_SW-768x519.jpg 768w, https:\/\/hansbuttermilch.de\/wp-content\/uploads\/2022\/03\/crashed_box_1_SW-1536x1038.jpg 1536w, https:\/\/hansbuttermilch.de\/wp-content\/uploads\/2022\/03\/crashed_box_1_SW-1200x811.jpg 1200w\" sizes=\"(max-width: 2048px) 100vw, 2048px\" \/>\t\t\t\t\t\t\t\t\t\t\t\t\t\t\t<\/div>\n\t\t\t\t<\/div>\n\t\t\t\t\t<\/div>\n\t\t<\/div>\n\t\t\t\t\t<\/div>\n\t\t<\/section>\n\t\t\t\t<\/div>\n\t\t","protected":false},"excerpt":{"rendered":"<p>Hans Buttermilch | S.Knoll &amp; H.Buttermilch GbR | Sedanstrasse 6 | R\u00fcckgeb\u00e4ude | D-81667 M\u00fcnchen | Fon +49 89 74443503 | Mobile +49 171 6201789 | contact@skuhb.com<\/p>\n","protected":false},"author":1,"featured_media":0,"parent":1142,"menu_order":0,"comment_status":"closed","ping_status":"closed","template":"elementor_header_footer","meta":{"footnotes":""},"_links":{"self":[{"href":"https:\/\/hansbuttermilch.de\/index.php?rest_route=\/wp\/v2\/pages\/1156"}],"collection":[{"href":"https:\/\/hansbuttermilch.de\/index.php?rest_route=\/wp\/v2\/pages"}],"about":[{"href":"https:\/\/hansbuttermilch.de\/index.php?rest_route=\/wp\/v2\/types\/page"}],"author":[{"embeddable":true,"href":"https:\/\/hansbuttermilch.de\/index.php?rest_route=\/wp\/v2\/users\/1"}],"replies":[{"embeddable":true,"href":"https:\/\/hansbuttermilch.de\/index.php?rest_route=%2Fwp%2Fv2%2Fcomments&post=1156"}],"version-history":[{"count":53,"href":"https:\/\/hansbuttermilch.de\/index.php?rest_route=\/wp\/v2\/pages\/1156\/revisions"}],"predecessor-version":[{"id":1732,"href":"https:\/\/hansbuttermilch.de\/index.php?rest_route=\/wp\/v2\/pages\/1156\/revisions\/1732"}],"up":[{"embeddable":true,"href":"https:\/\/hansbuttermilch.de\/index.php?rest_route=\/wp\/v2\/pages\/1142"}],"wp:attachment":[{"href":"https:\/\/hansbuttermilch.de\/index.php?rest_route=%2Fwp%2Fv2%2Fmedia&parent=1156"}],"curies":[{"name":"wp","href":"https:\/\/api.w.org\/{rel}","templated":true}]}}